{"id":49,"date":"2013-03-13T23:27:50","date_gmt":"2013-03-13T21:27:50","guid":{"rendered":"http:\/\/wpkoulutus.tp.samk.fi\/talitintit\/?page_id=49"},"modified":"2026-04-04T15:56:42","modified_gmt":"2026-04-04T12:56:42","slug":"pori-jazz-kendoleiri","status":"publish","type":"page","link":"https:\/\/daikumakenkai.fi\/pori-jazz-kendoleiri\/","title":{"rendered":"Pori Jazz -kendoleiri \/ Pori Jazz Kendo Seminar"},"content":{"rendered":"\n<p>English info here: <a href=\"https:\/\/daikumakenkai.fi\/pori-jazz-kendo-seminar\/\">https:\/\/daikumakenkai.fi\/pori-jazz-kendo-seminar<\/a><\/p>\n\n\n\n<h1 class=\"wp-block-heading\"><strong>35. Pori Jazz -kendoleiri 16.-19.7.2026<\/strong><\/h1>\n\n\n\n<p>Perinteik\u00e4s kes\u00e4leiri j\u00e4rjestet\u00e4\u00e4n jo 35. kerran. Leiri on avoin <strong>kaikille kendon harrastajille<\/strong>. Harjoituksiin voivat osallistua kaikentasoiset &#8211; my\u00f6s ilman bogua harjoittelevat.<\/p>\n\n\n\n<p>T\u00e4n\u00e4 vuonna leiri palaa alkuper\u00e4iselle paikalleen hein\u00e4kuuhun <a href=\"https:\/\/porijazz.fi\/\"><strong><mark style=\"background-color:rgba(0, 0, 0, 0)\" class=\"has-inline-color has-vivid-cyan-blue-color\">Pori Jazz<\/mark><\/strong><\/a>ien yhteyteen. Hein\u00e4kuussa onkin monta loistavaa syyt\u00e4 suunnistaa Poriin!<\/p>\n\n\n\n<p>Leirin p\u00e4\u00e4tteeksi j\u00e4rjestet\u00e4\u00e4n\u00a0<strong>graduoinnit 6.-1. kyu ja 1.-4. dan<\/strong>.<\/p>\n\n\n\n<h2 class=\"wp-block-heading\"><strong>Opettajat<\/strong><\/h2>\n\n\n\n<p><strong>Claude PRUVOST<\/strong>, 7.dan kyoshi, Ranska<br><\/p>\n\n\n\n<p>sek\u00e4 suomalaiset 7.dan ja 6.dan huippuopettajat<\/p>\n\n\n\n<h2 class=\"wp-block-heading\"><strong>Ohjelma<\/strong><\/h2>\n\n\n\n<p>(Ohjelma p\u00e4ivitet\u00e4\u00e4n pian!)<\/p>\n\n\n\n<iframe loading=\"lazy\" src=\"https:\/\/calendar.google.com\/calendar\/embed?height=1000&#038;wkst=2&#038;hl=FI&#038;ctz=Europe%2FHelsinki&#038;showPrint=0&#038;showTitle=0&#038;showCalendars=0&#038;mode=AGENDA&#038;showTabs=0&#038;showDate=0&#038;showNav=0&#038;src=ZmU2OGEyNWI5ZjRmNWYwMGE5YjdiNjc0NDIxZDQ4ZjliNjhiZTM2MDRjOThkYWRiNzc1ZDhiZDM3ODQ5Zjg4YUBncm91cC5jYWxlbmRhci5nb29nbGUuY29t&#038;color=%23795548\" style=\"border-width:0\" scrolling=\"no\" width=\"800\" height=\"1000\" frameborder=\"0\" scrolling=\"no\"><\/iframe>\n\n\n\n<h2 class=\"wp-block-heading\"><strong>Ilmoittautuminen<\/strong><\/h2>\n\n\n\n<p>Tarkista, ett\u00e4 tietosi Suomisportissa ovat ajan tasalla ja lisenssi+vakuutusasiat ovat kunnossa.<br>Ilmoittaudu leirille mukaan Suomisportissa 12.7.2026 menness\u00e4:<\/p>\n\n\n\n<ul>\n<li><mark style=\"background-color:rgba(0, 0, 0, 0)\" class=\"has-inline-color has-vivid-cyan-blue-color\"><\/mark><mark style=\"background-color:rgba(0, 0, 0, 0)\" class=\"has-inline-color has-vivid-cyan-blue-color\"><strong><a href=\"https:\/\/www.suomisport.fi\/events\/36d6c71c-9395-42eb-aca2-70fa94607dcd\">Ilmoittautuminen leirille<\/a><\/strong><\/mark><\/li>\n<\/ul>\n\n\n\n<h2 class=\"wp-block-heading\"><strong>Graduoinnit<\/strong><\/h2>\n\n\n\n<p>Leirin yhteydess\u00e4 j\u00e4rjestet\u00e4\u00e4n kendon kyu- ja dan-graduoinnit (6.-1. kyu ja 1.-4. dan).<br>Ilmoittaudu graduointitilaisuuksiin erikseen Suomisportissa 12.7.2026 menness\u00e4:<\/p>\n\n\n\n<ul>\n<li><mark style=\"background-color:rgba(0, 0, 0, 0)\" class=\"has-inline-color has-vivid-cyan-blue-color\"><strong><a href=\"https:\/\/www.suomisport.fi\/events\/844537c6-fb25-4293-b4b7-e099690a2cf6\">Ilmoittautuminen kendon kyu-graduointiin<\/a><\/strong><\/mark><\/li>\n\n\n\n<li><mark style=\"background-color:rgba(0, 0, 0, 0)\" class=\"has-inline-color has-vivid-cyan-blue-color\"><strong><a href=\"https:\/\/www.suomisport.fi\/events\/c4b61a21-b598-4a54-b83a-828ff18af35c\">Ilmoittautuminen kendon dan-graduointiin<\/a><\/strong><\/mark><\/li>\n<\/ul>\n\n\n\n<h2 class=\"wp-block-heading\"><strong>Leiripaikka<\/strong><\/h2>\n\n\n\n<p><strong>Porin Urheilutalo<\/strong>, <a href=\"https:\/\/goo.gl\/maps\/iHd9NLJruWsQpQsF8\">Kuninkaanhaanaukio 12, Pori<\/a><\/p>\n\n\n\n<div class=\"wp-block-columns is-layout-flex wp-container-3\">\n<div class=\"wp-block-column is-layout-flow\">\n<iframe loading=\"lazy\" src=\"https:\/\/www.google.com\/maps\/embed?pb=!1m18!1m12!1m3!1d1905.0645908063113!2d21.80671041616011!3d61.47895388246197!2m3!1f0!2f0!3f0!3m2!1i1024!2i768!4f13.1!3m3!1m2!1s0x46890b6a809abf2d%3A0xd09f66b69121c685!2sPorin%20Urheilutalo!5e0!3m2!1sfi!2sfi!4v1650466512729!5m2!1sfi!2sfi\" allowfullscreen=\"allowfullscreen\" data-mce-fragment=\"1\" width=\"600\" height=\"450\"><\/iframe>\n<\/div>\n\n\n\n<div class=\"wp-block-column is-layout-flow\">\n<iframe src=\"https:\/\/www.google.com\/maps\/embed?pb=!4v1687180917394!6m8!1m7!1sSENGGsdzzQLqIhCHqr3PSg!2m2!1d61.47924378820329!2d21.80932553850023!3f235.2!4f-2.6400000000000006!5f0.7820865974627469\" style=\"border:0;\" allowfullscreen=\"\" loading=\"lazy\" referrerpolicy=\"no-referrer-when-downgrade\" width=\"600\" height=\"450\"><\/iframe>\n<\/div>\n<\/div>\n\n\n\n<p>Sis\u00e4\u00e4nk\u00e4ynti Urheilutaloon Kuninkaanhaan koulun puoleisesta p\u00e4\u00e4dyst\u00e4 alaovilta. (Ei p\u00e4\u00e4oven kautta.)<\/p>\n\n\n\n<h2 class=\"wp-block-heading\"><strong>Hinnat<\/strong><\/h2>\n\n\n\n<p>Koko leiri (to-su): <strong>80 \u20ac<\/strong><br>Yksi p\u00e4iv\u00e4 (pe, la, su): <strong>35 \u20ac<\/strong> \/ p\u00e4iv\u00e4<br>Juniorin huoltajan salimajoitus (to-su): <strong>15 \u20ac<\/strong><\/p>\n\n\n\n<p>Osallistuminen leirille maksetaan ilmoittautumisen yhteydess\u00e4 Suomisportissa. Salimajoitus PoriDojolla sis\u00e4ltyy leirin hintaan. Graduointiin osallistuminen maksetaan ilmoittautumisen yhteydess\u00e4 Suomisportissa.<\/p>\n\n\n\n<h2 class=\"wp-block-heading\"><strong>Majoitus<\/strong><\/h2>\n\n\n\n<p><strong>Poridojo<\/strong>, <a href=\"https:\/\/goo.gl\/maps\/zMVVEER2PAhSx9nGA\">Satakunnankatu 32, 28130 Pori<\/a><\/p>\n\n\n\n<p>Leirin hintoihin sis\u00e4ltyy mahdollisuus salimajoitukseen Poridojolla. Tiloista l\u00f6ytyy j\u00e4\u00e4kaappi ja mikro, sek\u00e4 veden- ja kahvinkeittimet. Miesten ja naisten saunat ovat salilla majoittuvien k\u00e4ytett\u00e4viss\u00e4. Muista tuoda omat y\u00f6pymisv\u00e4lineesi (makuupussi ja patja).<\/p>\n\n\n\n<div class=\"wp-block-columns is-layout-flex wp-container-6\">\n<div class=\"wp-block-column is-layout-flow\">\n<iframe src=\"https:\/\/www.google.com\/maps\/embed?pb=!1m18!1m12!1m3!1d7621.024717623871!2d21.79494826084975!3d61.47582251688025!2m3!1f0!2f0!3f0!3m2!1i1024!2i768!4f13.1!3m3!1m2!1s0x46897339d19cb6e9%3A0x5003b02fda333b52!2sPorin%20Kendo%20Seura%20Dai%20Kuma%20Ken%20Kai%20Ry!5e0!3m2!1sfi!2sfi!4v1687181273407!5m2!1sfi!2sfi\" style=\"border:0;\" allowfullscreen=\"\" loading=\"lazy\" referrerpolicy=\"no-referrer-when-downgrade\" width=\"600\" height=\"450\"><\/iframe>\n<\/div>\n\n\n\n<div class=\"wp-block-column is-layout-flow\">\n<iframe src=\"https:\/\/www.google.com\/maps\/embed?pb=!4v1687181239875!6m8!1m7!1ssHNIMbYxx_XwgfV3zYKo4g!2m2!1d61.4758028003174!2d21.79494826143101!3f52.56!4f0!5f0.7820865974627469\" style=\"border:0;\" allowfullscreen=\"\" loading=\"lazy\" referrerpolicy=\"no-referrer-when-downgrade\" width=\"600\" height=\"450\"><\/iframe>\n<\/div>\n<\/div>\n\n\n\n<p><strong>Hotellit<\/strong><\/p>\n\n\n\n<p>Booking.com<\/p>\n\n\n\n<p><strong>airbnb<\/strong><\/p>\n\n\n\n<p>Hotellien lis\u00e4ksi Porista l\u00f6ytyy yli sata airbnb-majoituspaikkaa, joista noin puolet keskustan l\u00e4heisyydest\u00e4.<\/p>\n\n\n\n<p>Huom! Hotellit tulevat olemaan t\u00e4ynn\u00e4 Pori Jazz -vieraita, eli varmista majoitus hyviss\u00e4 ajoin!<\/p>\n\n\n\n<h2 class=\"wp-block-heading\"><strong>Ruokailu<\/strong><\/h2>\n\n\n\n<p>Leiriruokailuja ei j\u00e4rjestet\u00e4 kootusti, eiv\u00e4tk\u00e4 ne sis\u00e4lly leirihintoihin. Lounaspaikkoja on kuitenkin aivan leiripaikan l\u00e4heisyydess\u00e4 ja dojon ymp\u00e4rilt\u00e4 l\u00f6ytyy markettia, pizzeriaa ja hesburgeria.<\/p>\n\n\n\n<h2 class=\"wp-block-heading\"><strong>Lis\u00e4tietoa<\/strong><\/h2>\n\n\n\n<p>Lis\u00e4tietoja julkaistaa pian! Tsekkaa my\u00f6s <a href=\"https:\/\/www.facebook.com\/events\/34027649756849752\"><strong><mark style=\"background-color:rgba(0, 0, 0, 0)\" class=\"has-inline-color has-vivid-cyan-blue-color\">Facebookin tapahtumasivu<\/mark><\/strong><\/a>.<\/p>\n\n\n\n<h3 class=\"wp-block-heading\"><strong>L\u00e4mpim\u00e4sti tervetuloa mukaan!<\/strong><\/h3>\n\n\n\n<div class=\"wp-block-columns is-layout-flex wp-container-9\">\n<div class=\"wp-block-column is-layout-flow\">\n<figure class=\"wp-block-embed is-type-video is-provider-tiktok wp-block-embed-tiktok tiktok-fix tiktok-left\"><div class=\"wp-block-embed__wrapper\">\n<blockquote class=\"tiktok-embed\" cite=\"https:\/\/www.tiktok.com\/@poridojo\/video\/7622803058984078614\" data-video-id=\"7622803058984078614\" data-embed-from=\"oembed\" style=\"max-width:605px; min-width:325px;\"> <section> <a target=\"_blank\" title=\"@poridojo\" href=\"https:\/\/www.tiktok.com\/@poridojo?refer=embed\">@poridojo<\/a> <p>35th Pori Jazz Kendo Seminar 16.-19.7.2026. Tervetuloa Poriin hein\u00e4kuussa! Welcome to Pori in July! poridojo kendo <\/p> <a target=\"_blank\" title=\"\u266c Summer Jazz - Jazz Saxophone &#038; Smooth Jazz Music Ensemble\" href=\"https:\/\/www.tiktok.com\/music\/Summer-Jazz-7312922102884648961?refer=embed\">\u266c Summer Jazz &#8211; Jazz Saxophone &#038; Smooth Jazz Music Ensemble<\/a> <\/section> <\/blockquote> <script async src=\"https:\/\/www.tiktok.com\/embed.js\"><\/script>\n<\/div><\/figure>\n<\/div>\n\n\n\n<div class=\"wp-block-column is-layout-flow\">\n<figure class=\"wp-block-embed is-type-video is-provider-tiktok wp-block-embed-tiktok tiktok-fix tiktok-left\"><div class=\"wp-block-embed__wrapper\">\n<blockquote class=\"tiktok-embed\" cite=\"https:\/\/www.tiktok.com\/@poridojo\/video\/7622300922776964374\" data-video-id=\"7622300922776964374\" data-embed-from=\"oembed\" style=\"max-width:605px; min-width:325px;\"> <section> <a target=\"_blank\" title=\"@poridojo\" href=\"https:\/\/www.tiktok.com\/@poridojo?refer=embed\">@poridojo<\/a> <p>Miten PoriDojolle l\u00f6yt\u00e4\u00e4? How to find PoriDojo? <a title=\"kendo\" target=\"_blank\" href=\"https:\/\/www.tiktok.com\/tag\/kendo?refer=embed\">#kendo<\/a> <a title=\"sportschanbara\" target=\"_blank\" href=\"https:\/\/www.tiktok.com\/tag\/sportschanbara?refer=embed\">#sportschanbara<\/a> <a title=\"iaido\" target=\"_blank\" href=\"https:\/\/www.tiktok.com\/tag\/iaido?refer=embed\">#iaido<\/a> <a title=\"poridojo\" target=\"_blank\" href=\"https:\/\/www.tiktok.com\/tag\/poridojo?refer=embed\">#poridojo<\/a> <a title=\"dojo\" target=\"_blank\" href=\"https:\/\/www.tiktok.com\/tag\/dojo?refer=embed\">#dojo<\/a> <\/p> <a target=\"_blank\" title=\"\u266c Walking Around - Instrumental Version - Eldar Kedem\" href=\"https:\/\/www.tiktok.com\/music\/Walking-Around-Instrumental-Version-6982541212746008578?refer=embed\">\u266c Walking Around &#8211; Instrumental Version &#8211; Eldar Kedem<\/a> <\/section> <\/blockquote> <script async src=\"https:\/\/www.tiktok.com\/embed.js\"><\/script>\n<\/div><\/figure>\n<\/div>\n<\/div>\n","protected":false},"excerpt":{"rendered":"<p>English info here: https:\/\/daikumakenkai.fi\/pori-jazz-kendo-seminar 35. Pori Jazz -kendoleiri 16.-19.7.2026 Perinteik\u00e4s kes\u00e4leiri j\u00e4rjestet\u00e4\u00e4n jo 35. kerran. Leiri on avoin kaikille kendon harrastajille. Harjoituksiin voivat osallistua kaikentasoiset &#8211; my\u00f6s ilman bogua harjoittelevat. T\u00e4n\u00e4 vuonna leiri palaa alkuper\u00e4iselle paikalleen hein\u00e4kuuhun Pori Jazzien yhteyteen. Hein\u00e4kuussa onkin monta loistavaa syyt\u00e4 suunnistaa Poriin! Leirin p\u00e4\u00e4tteeksi j\u00e4rjestet\u00e4\u00e4n\u00a0graduoinnit 6.-1. kyu ja 1.-4. dan. [&hellip;]<\/p>\n","protected":false},"author":5,"featured_media":876,"parent":0,"menu_order":1,"comment_status":"closed","ping_status":"closed","template":"","meta":{"_mi_skip_tracking":false},"_links":{"self":[{"href":"https:\/\/daikumakenkai.fi\/wp-json\/wp\/v2\/pages\/49"}],"collection":[{"href":"https:\/\/daikumakenkai.fi\/wp-json\/wp\/v2\/pages"}],"about":[{"href":"https:\/\/daikumakenkai.fi\/wp-json\/wp\/v2\/types\/page"}],"author":[{"embeddable":true,"href":"https:\/\/daikumakenkai.fi\/wp-json\/wp\/v2\/users\/5"}],"replies":[{"embeddable":true,"href":"https:\/\/daikumakenkai.fi\/wp-json\/wp\/v2\/comments?post=49"}],"version-history":[{"count":241,"href":"https:\/\/daikumakenkai.fi\/wp-json\/wp\/v2\/pages\/49\/revisions"}],"predecessor-version":[{"id":2757,"href":"https:\/\/daikumakenkai.fi\/wp-json\/wp\/v2\/pages\/49\/revisions\/2757"}],"wp:featuredmedia":[{"embeddable":true,"href":"https:\/\/daikumakenkai.fi\/wp-json\/wp\/v2\/media\/876"}],"wp:attachment":[{"href":"https:\/\/daikumakenkai.fi\/wp-json\/wp\/v2\/media?parent=49"}],"curies":[{"name":"wp","href":"https:\/\/api.w.org\/{rel}","templated":true}]}}